{"id":231,"date":"2023-12-22T11:12:09","date_gmt":"2023-12-22T14:12:09","guid":{"rendered":"https:\/\/americalatinavidros.ind.br\/novo\/?post_type=product&#038;p=231"},"modified":"2024-03-26T17:09:58","modified_gmt":"2024-03-26T20:09:58","slug":"parabrisa-massey-ferguson-linha-8000-dyna-vt","status":"publish","type":"product","link":"https:\/\/americalatinavidros.ind.br\/es\/producto\/parabrisa-massey-ferguson-linha-8000-dyna-vt\/","title":{"rendered":"Parabrisas Massey Ferguson 8000 Dyna VT"},"content":{"rendered":"<p><em>Descri\u00e7\u00e3o:<\/em><\/p>\n<p>Para-brisa temperado, curvo e serigrafado especialmente projetado para aplica\u00e7\u00e3o de cola. Am\u00e9rica latina Vidros \u00e9 refer\u00eancia no desenvolvimento e produ\u00e7\u00e3o de vidros para aplica\u00e7\u00e3o agr\u00edcola e de m\u00e1quinas pesadas, todos os vidros que oferecemos s\u00e3o desenvolvidos fabricados por n\u00f3s. Nossas pe\u00e7as s\u00e3o criadas com base em modelos originais, garantindo que n\u00e3o seja necess\u00e1ria nenhuma adapta\u00e7\u00e3o durante a instala\u00e7\u00e3o.<\/p>\n<p><em>Especifica\u00e7\u00f5es T\u00e9cnicas:<\/em><\/p>\n<p>\u00b7 Tipo: Temperado<\/p>\n<p>\u00b7 Material: Composto por uma l\u00e2mina de 6mm de vidro verde<\/p>\n<p>\u00b7 Altura: 1539 mm<\/p>\n<p>\u00b7 Largura: 1307 mm<\/p>\n<p>\u00b7 Espessura total: 6 mm<\/p>\n<p>\u00b7 Peso l\u00edquido: 31KG<\/p>\n<p><em>Principais caracter\u00edsticas:<\/em><\/p>\n<p>\u00b7 O vidro Am\u00e9rica Latina fornece prote\u00e7\u00e3o ao operador da m\u00e1quina contra as varia\u00e7\u00f5es clim\u00e1ticas e garante uma visibilidade excepcional com o menor \u00edndice de \u00f3ptica poss\u00edvel.<\/p>\n<p><em>Aplica\u00e7\u00f5es:<\/em><\/p>\n<p>MODELOS: 8670 \u2013 8732 \u2013 8737 \u2013 8727 \u2013 8730 \u2013 8732 \u2013 8735 \u2013 8737 \u2013 8737S \u2013 8727S \u2013 LINHA DYNA VT<\/p>\n<p><em>Garantia:<\/em><\/p>\n<p>Garantia de transporte e contra defeitos de fabrica\u00e7\u00e3o.<\/p>","protected":false},"excerpt":{"rendered":"<p><em>Descri\u00e7\u00e3o:<\/em><\/p>\n<p>Para-brisa temperado, curvo e serigrafado especialmente projetado para aplica\u00e7\u00e3o de cola. Am\u00e9rica latina Vidros \u00e9 refer\u00eancia no desenvolvimento e produ\u00e7\u00e3o de vidros para aplica\u00e7\u00e3o agr\u00edcola e de m\u00e1quinas pesadas, todos os vidros que oferecemos s\u00e3o desenvolvidos fabricados por n\u00f3s. Nossas pe\u00e7as s\u00e3o criadas com base em modelos originais, garantindo que n\u00e3o seja necess\u00e1ria nenhuma adapta\u00e7\u00e3o durante a instala\u00e7\u00e3o.<\/p>\n<p><em>Especifica\u00e7\u00f5es T\u00e9cnicas:<\/em><\/p>\n<p>\u00b7 Tipo: Temperado<\/p>\n<p>\u00b7 Material: Composto por uma l\u00e2mina de 6mm de vidro verde<\/p>\n<p>\u00b7 Altura: 1539 mm<\/p>\n<p>\u00b7 Largura: 1307 mm<\/p>\n<p>\u00b7 Espessura total: 6 mm<\/p>\n<p>\u00b7 Peso l\u00edquido: 31KG<\/p>\n<p><em>Principais caracter\u00edsticas:<\/em><\/p>\n<p>\u00b7 O vidro Am\u00e9rica Latina fornece prote\u00e7\u00e3o ao operador da m\u00e1quina contra as varia\u00e7\u00f5es clim\u00e1ticas e garante uma visibilidade excepcional com o menor \u00edndice de \u00f3ptica poss\u00edvel.<\/p>\n<p><em>Aplica\u00e7\u00f5es:<\/em><\/p>\n<p>MODELOS: 8670 \u2013 8732 \u2013 8737 \u2013 8727 \u2013 8730 \u2013 8732 \u2013 8735 \u2013 8737 \u2013 8737S \u2013 8727S \u2013 LINHA DYNA VT<\/p>\n<p><em>Garantia:<\/em><\/p>\n<p>Garantia de transporte e contra defeitos de fabrica\u00e7\u00e3o.<\/p>","protected":false},"featured_media":577,"comment_status":"closed","ping_status":"closed","template":"","meta":[],"product_brand":[],"product_cat":[26],"product_tag":[],"class_list":{"0":"post-231","1":"product","2":"type-product","3":"status-publish","4":"has-post-thumbnail","6":"product_cat-maquinas-agricolas","8":"first","9":"instock","10":"shipping-taxable","11":"purchasable","12":"product-type-simple"},"yoast_head":"<!-- This site is optimized with the Yoast SEO plugin v26.7 - https:\/\/yoast.com\/wordpress\/plugins\/seo\/ -->\n<title>Para-brisa Massey Ferguson linha 8000 Dyna VT - America Latina Vidros<\/title>\n<meta name=\"robots\" content=\"index, follow, max-snippet:-1, max-image-preview:large, max-video-preview:-1\" \/>\n<link rel=\"canonical\" href=\"https:\/\/americalatinavidros.ind.br\/es\/producto\/parabrisa-massey-ferguson-linha-8000-dyna-vt\/\" \/>\n<meta property=\"og:locale\" content=\"es_ES\" \/>\n<meta property=\"og:type\" content=\"article\" \/>\n<meta property=\"og:title\" content=\"Para-brisa Massey Ferguson linha 8000 Dyna VT - America Latina Vidros\" \/>\n<meta property=\"og:description\" content=\"Descri\u00e7\u00e3o:  Para-brisa temperado, curvo e serigrafado especialmente projetado para aplica\u00e7\u00e3o de cola. Am\u00e9rica latina Vidros \u00e9 refer\u00eancia no desenvolvimento e produ\u00e7\u00e3o de vidros para aplica\u00e7\u00e3o agr\u00edcola e de m\u00e1quinas pesadas, todos os vidros que oferecemos s\u00e3o desenvolvidos fabricados por n\u00f3s. Nossas pe\u00e7as s\u00e3o criadas com base em modelos originais, garantindo que n\u00e3o seja necess\u00e1ria nenhuma adapta\u00e7\u00e3o durante a instala\u00e7\u00e3o.  Especifica\u00e7\u00f5es T\u00e9cnicas:  \u00b7 Tipo: Temperado  \u00b7 Material: Composto por uma l\u00e2mina de 6mm de vidro verde  \u00b7 Altura: 1539 mm  \u00b7 Largura: 1307 mm  \u00b7 Espessura total: 6 mm  \u00b7 Peso l\u00edquido: 31KG  Principais caracter\u00edsticas:  \u00b7 O vidro Am\u00e9rica Latina fornece prote\u00e7\u00e3o ao operador da m\u00e1quina contra as varia\u00e7\u00f5es clim\u00e1ticas e garante uma visibilidade excepcional com o menor \u00edndice de \u00f3ptica poss\u00edvel.  Aplica\u00e7\u00f5es:  MODELOS: 8670 \u2013 8732 \u2013 8737 \u2013 8727 \u2013 8730 \u2013 8732 \u2013 8735 \u2013 8737 \u2013 8737S \u2013 8727S \u2013 LINHA DYNA VT  Garantia:  Garantia de transporte e contra defeitos de fabrica\u00e7\u00e3o.\" \/>\n<meta property=\"og:url\" content=\"https:\/\/americalatinavidros.ind.br\/es\/producto\/parabrisa-massey-ferguson-linha-8000-dyna-vt\/\" \/>\n<meta property=\"og:site_name\" content=\"America Latina Vidros\" \/>\n<meta property=\"article:publisher\" content=\"https:\/\/www.facebook.com\/AmericaLatinaVidro\" \/>\n<meta property=\"article:modified_time\" content=\"2024-03-26T20:09:58+00:00\" \/>\n<meta property=\"og:image\" content=\"https:\/\/americalatinavidros.ind.br\/wp-content\/uploads\/2023\/12\/IMG_3131.jpeg\" \/>\n\t<meta property=\"og:image:width\" content=\"1290\" \/>\n\t<meta property=\"og:image:height\" content=\"682\" \/>\n\t<meta property=\"og:image:type\" content=\"image\/jpeg\" \/>\n<meta name=\"twitter:card\" content=\"summary_large_image\" \/>\n<meta name=\"twitter:label1\" content=\"Tiempo de lectura\" \/>\n\t<meta name=\"twitter:data1\" content=\"1 minuto\" \/>\n<script type=\"application\/ld+json\" class=\"yoast-schema-graph\">{\"@context\":\"https:\/\/schema.org\",\"@graph\":[{\"@type\":\"WebPage\",\"@id\":\"https:\/\/americalatinavidros.ind.br\/produto\/parabrisa-massey-ferguson-linha-8000-dyna-vt\/\",\"url\":\"https:\/\/americalatinavidros.ind.br\/produto\/parabrisa-massey-ferguson-linha-8000-dyna-vt\/\",\"name\":\"Para-brisa Massey Ferguson linha 8000 Dyna VT - America Latina Vidros\",\"isPartOf\":{\"@id\":\"https:\/\/americalatinavidros.ind.br\/es\/#website\"},\"primaryImageOfPage\":{\"@id\":\"https:\/\/americalatinavidros.ind.br\/produto\/parabrisa-massey-ferguson-linha-8000-dyna-vt\/#primaryimage\"},\"image\":{\"@id\":\"https:\/\/americalatinavidros.ind.br\/produto\/parabrisa-massey-ferguson-linha-8000-dyna-vt\/#primaryimage\"},\"thumbnailUrl\":\"https:\/\/americalatinavidros.ind.br\/wp-content\/uploads\/2023\/12\/IMG_3131.jpeg\",\"datePublished\":\"2023-12-22T14:12:09+00:00\",\"dateModified\":\"2024-03-26T20:09:58+00:00\",\"breadcrumb\":{\"@id\":\"https:\/\/americalatinavidros.ind.br\/produto\/parabrisa-massey-ferguson-linha-8000-dyna-vt\/#breadcrumb\"},\"inLanguage\":\"es-AR\",\"potentialAction\":[{\"@type\":\"ReadAction\",\"target\":[\"https:\/\/americalatinavidros.ind.br\/produto\/parabrisa-massey-ferguson-linha-8000-dyna-vt\/\"]}]},{\"@type\":\"ImageObject\",\"inLanguage\":\"es-AR\",\"@id\":\"https:\/\/americalatinavidros.ind.br\/produto\/parabrisa-massey-ferguson-linha-8000-dyna-vt\/#primaryimage\",\"url\":\"https:\/\/americalatinavidros.ind.br\/wp-content\/uploads\/2023\/12\/IMG_3131.jpeg\",\"contentUrl\":\"https:\/\/americalatinavidros.ind.br\/wp-content\/uploads\/2023\/12\/IMG_3131.jpeg\",\"width\":1290,\"height\":682},{\"@type\":\"BreadcrumbList\",\"@id\":\"https:\/\/americalatinavidros.ind.br\/produto\/parabrisa-massey-ferguson-linha-8000-dyna-vt\/#breadcrumb\",\"itemListElement\":[{\"@type\":\"ListItem\",\"position\":1,\"name\":\"In\u00edcio\",\"item\":\"https:\/\/americalatinavidros.ind.br\/\"},{\"@type\":\"ListItem\",\"position\":2,\"name\":\"Loja\",\"item\":\"https:\/\/americalatinavidros.ind.br\/loja\/\"},{\"@type\":\"ListItem\",\"position\":3,\"name\":\"Para-brisa Massey Ferguson linha 8000 Dyna VT\"}]},{\"@type\":\"WebSite\",\"@id\":\"https:\/\/americalatinavidros.ind.br\/es\/#website\",\"url\":\"https:\/\/americalatinavidros.ind.br\/es\/\",\"name\":\"America Latina Vidros\",\"description\":\"\",\"publisher\":{\"@id\":\"https:\/\/americalatinavidros.ind.br\/es\/#organization\"},\"potentialAction\":[{\"@type\":\"SearchAction\",\"target\":{\"@type\":\"EntryPoint\",\"urlTemplate\":\"https:\/\/americalatinavidros.ind.br\/es\/?s={search_term_string}\"},\"query-input\":{\"@type\":\"PropertyValueSpecification\",\"valueRequired\":true,\"valueName\":\"search_term_string\"}}],\"inLanguage\":\"es-AR\"},{\"@type\":\"Organization\",\"@id\":\"https:\/\/americalatinavidros.ind.br\/es\/#organization\",\"name\":\"America Latina Vidros\",\"url\":\"https:\/\/americalatinavidros.ind.br\/es\/\",\"logo\":{\"@type\":\"ImageObject\",\"inLanguage\":\"es-AR\",\"@id\":\"https:\/\/americalatinavidros.ind.br\/es\/#\/schema\/logo\/image\/\",\"url\":\"https:\/\/americalatinavidros.ind.br\/wp-content\/uploads\/2023\/12\/Brasil.svg\",\"contentUrl\":\"https:\/\/americalatinavidros.ind.br\/wp-content\/uploads\/2023\/12\/Brasil.svg\",\"width\":366,\"height\":557,\"caption\":\"America Latina Vidros\"},\"image\":{\"@id\":\"https:\/\/americalatinavidros.ind.br\/es\/#\/schema\/logo\/image\/\"},\"sameAs\":[\"https:\/\/www.facebook.com\/AmericaLatinaVidro\",\"https:\/\/www.instagram.com\/americalatinavidros\/\",\"https:\/\/www.instagram.com\/construcao_americalatinavidros\/\",\"https:\/\/br.linkedin.com\/company\/americalatinavidros\",\"https:\/\/www.facebook.com\/profile.php?id=100072339063607\",\"https:\/\/www.tiktok.com\/@americalatinavidrosind\"]}]}<\/script>\n<!-- \/ Yoast SEO plugin. -->","yoast_head_json":{"title":"Para-brisa Massey Ferguson linha 8000 Dyna VT - America Latina Vidros","robots":{"index":"index","follow":"follow","max-snippet":"max-snippet:-1","max-image-preview":"max-image-preview:large","max-video-preview":"max-video-preview:-1"},"canonical":"https:\/\/americalatinavidros.ind.br\/es\/producto\/parabrisa-massey-ferguson-linha-8000-dyna-vt\/","og_locale":"es_ES","og_type":"article","og_title":"Para-brisa Massey Ferguson linha 8000 Dyna VT - America Latina Vidros","og_description":"Descri\u00e7\u00e3o:  Para-brisa temperado, curvo e serigrafado especialmente projetado para aplica\u00e7\u00e3o de cola. Am\u00e9rica latina Vidros \u00e9 refer\u00eancia no desenvolvimento e produ\u00e7\u00e3o de vidros para aplica\u00e7\u00e3o agr\u00edcola e de m\u00e1quinas pesadas, todos os vidros que oferecemos s\u00e3o desenvolvidos fabricados por n\u00f3s. Nossas pe\u00e7as s\u00e3o criadas com base em modelos originais, garantindo que n\u00e3o seja necess\u00e1ria nenhuma adapta\u00e7\u00e3o durante a instala\u00e7\u00e3o.  Especifica\u00e7\u00f5es T\u00e9cnicas:  \u00b7 Tipo: Temperado  \u00b7 Material: Composto por uma l\u00e2mina de 6mm de vidro verde  \u00b7 Altura: 1539 mm  \u00b7 Largura: 1307 mm  \u00b7 Espessura total: 6 mm  \u00b7 Peso l\u00edquido: 31KG  Principais caracter\u00edsticas:  \u00b7 O vidro Am\u00e9rica Latina fornece prote\u00e7\u00e3o ao operador da m\u00e1quina contra as varia\u00e7\u00f5es clim\u00e1ticas e garante uma visibilidade excepcional com o menor \u00edndice de \u00f3ptica poss\u00edvel.  Aplica\u00e7\u00f5es:  MODELOS: 8670 \u2013 8732 \u2013 8737 \u2013 8727 \u2013 8730 \u2013 8732 \u2013 8735 \u2013 8737 \u2013 8737S \u2013 8727S \u2013 LINHA DYNA VT  Garantia:  Garantia de transporte e contra defeitos de fabrica\u00e7\u00e3o.","og_url":"https:\/\/americalatinavidros.ind.br\/es\/producto\/parabrisa-massey-ferguson-linha-8000-dyna-vt\/","og_site_name":"America Latina Vidros","article_publisher":"https:\/\/www.facebook.com\/AmericaLatinaVidro","article_modified_time":"2024-03-26T20:09:58+00:00","og_image":[{"width":1290,"height":682,"url":"https:\/\/americalatinavidros.ind.br\/wp-content\/uploads\/2023\/12\/IMG_3131.jpeg","type":"image\/jpeg"}],"twitter_card":"summary_large_image","twitter_misc":{"Tiempo de lectura":"1 minuto"},"schema":{"@context":"https:\/\/schema.org","@graph":[{"@type":"WebPage","@id":"https:\/\/americalatinavidros.ind.br\/produto\/parabrisa-massey-ferguson-linha-8000-dyna-vt\/","url":"https:\/\/americalatinavidros.ind.br\/produto\/parabrisa-massey-ferguson-linha-8000-dyna-vt\/","name":"Para-brisa Massey Ferguson linha 8000 Dyna VT - America Latina Vidros","isPartOf":{"@id":"https:\/\/americalatinavidros.ind.br\/es\/#website"},"primaryImageOfPage":{"@id":"https:\/\/americalatinavidros.ind.br\/produto\/parabrisa-massey-ferguson-linha-8000-dyna-vt\/#primaryimage"},"image":{"@id":"https:\/\/americalatinavidros.ind.br\/produto\/parabrisa-massey-ferguson-linha-8000-dyna-vt\/#primaryimage"},"thumbnailUrl":"https:\/\/americalatinavidros.ind.br\/wp-content\/uploads\/2023\/12\/IMG_3131.jpeg","datePublished":"2023-12-22T14:12:09+00:00","dateModified":"2024-03-26T20:09:58+00:00","breadcrumb":{"@id":"https:\/\/americalatinavidros.ind.br\/produto\/parabrisa-massey-ferguson-linha-8000-dyna-vt\/#breadcrumb"},"inLanguage":"es-AR","potentialAction":[{"@type":"ReadAction","target":["https:\/\/americalatinavidros.ind.br\/produto\/parabrisa-massey-ferguson-linha-8000-dyna-vt\/"]}]},{"@type":"ImageObject","inLanguage":"es-AR","@id":"https:\/\/americalatinavidros.ind.br\/produto\/parabrisa-massey-ferguson-linha-8000-dyna-vt\/#primaryimage","url":"https:\/\/americalatinavidros.ind.br\/wp-content\/uploads\/2023\/12\/IMG_3131.jpeg","contentUrl":"https:\/\/americalatinavidros.ind.br\/wp-content\/uploads\/2023\/12\/IMG_3131.jpeg","width":1290,"height":682},{"@type":"BreadcrumbList","@id":"https:\/\/americalatinavidros.ind.br\/produto\/parabrisa-massey-ferguson-linha-8000-dyna-vt\/#breadcrumb","itemListElement":[{"@type":"ListItem","position":1,"name":"In\u00edcio","item":"https:\/\/americalatinavidros.ind.br\/"},{"@type":"ListItem","position":2,"name":"Loja","item":"https:\/\/americalatinavidros.ind.br\/loja\/"},{"@type":"ListItem","position":3,"name":"Para-brisa Massey Ferguson linha 8000 Dyna VT"}]},{"@type":"WebSite","@id":"https:\/\/americalatinavidros.ind.br\/es\/#website","url":"https:\/\/americalatinavidros.ind.br\/es\/","name":"America Latina Vidros","description":"","publisher":{"@id":"https:\/\/americalatinavidros.ind.br\/es\/#organization"},"potentialAction":[{"@type":"SearchAction","target":{"@type":"EntryPoint","urlTemplate":"https:\/\/americalatinavidros.ind.br\/es\/?s={search_term_string}"},"query-input":{"@type":"PropertyValueSpecification","valueRequired":true,"valueName":"search_term_string"}}],"inLanguage":"es-AR"},{"@type":"Organization","@id":"https:\/\/americalatinavidros.ind.br\/es\/#organization","name":"America Latina Vidros","url":"https:\/\/americalatinavidros.ind.br\/es\/","logo":{"@type":"ImageObject","inLanguage":"es-AR","@id":"https:\/\/americalatinavidros.ind.br\/es\/#\/schema\/logo\/image\/","url":"https:\/\/americalatinavidros.ind.br\/wp-content\/uploads\/2023\/12\/Brasil.svg","contentUrl":"https:\/\/americalatinavidros.ind.br\/wp-content\/uploads\/2023\/12\/Brasil.svg","width":366,"height":557,"caption":"America Latina Vidros"},"image":{"@id":"https:\/\/americalatinavidros.ind.br\/es\/#\/schema\/logo\/image\/"},"sameAs":["https:\/\/www.facebook.com\/AmericaLatinaVidro","https:\/\/www.instagram.com\/americalatinavidros\/","https:\/\/www.instagram.com\/construcao_americalatinavidros\/","https:\/\/br.linkedin.com\/company\/americalatinavidros","https:\/\/www.facebook.com\/profile.php?id=100072339063607","https:\/\/www.tiktok.com\/@americalatinavidrosind"]}]}},"_links":{"self":[{"href":"https:\/\/americalatinavidros.ind.br\/es\/wp-json\/wp\/v2\/product\/231","targetHints":{"allow":["GET"]}}],"collection":[{"href":"https:\/\/americalatinavidros.ind.br\/es\/wp-json\/wp\/v2\/product"}],"about":[{"href":"https:\/\/americalatinavidros.ind.br\/es\/wp-json\/wp\/v2\/types\/product"}],"replies":[{"embeddable":true,"href":"https:\/\/americalatinavidros.ind.br\/es\/wp-json\/wp\/v2\/comments?post=231"}],"wp:featuredmedia":[{"embeddable":true,"href":"https:\/\/americalatinavidros.ind.br\/es\/wp-json\/wp\/v2\/media\/577"}],"wp:attachment":[{"href":"https:\/\/americalatinavidros.ind.br\/es\/wp-json\/wp\/v2\/media?parent=231"}],"wp:term":[{"taxonomy":"product_brand","embeddable":true,"href":"https:\/\/americalatinavidros.ind.br\/es\/wp-json\/wp\/v2\/product_brand?post=231"},{"taxonomy":"product_cat","embeddable":true,"href":"https:\/\/americalatinavidros.ind.br\/es\/wp-json\/wp\/v2\/product_cat?post=231"},{"taxonomy":"product_tag","embeddable":true,"href":"https:\/\/americalatinavidros.ind.br\/es\/wp-json\/wp\/v2\/product_tag?post=231"}],"curies":[{"name":"wp","href":"https:\/\/api.w.org\/{rel}","templated":true}]}}