{"id":1142,"date":"2024-03-20T09:54:36","date_gmt":"2024-03-20T12:54:36","guid":{"rendered":"https:\/\/americalatinavidros.ind.br\/novo\/?post_type=product&#038;p=1142"},"modified":"2024-03-26T15:26:44","modified_gmt":"2024-03-26T18:26:44","slug":"janela-suprema-3-folhas-sequenciais-de-correr","status":"publish","type":"product","link":"https:\/\/americalatinavidros.ind.br\/en\/product\/janela-suprema-3-folhas-sequenciais-de-correr\/","title":{"rendered":"Supreme Window \u2013 3 sequential sliding leaves"},"content":{"rendered":"<p><em>Descri\u00e7\u00e3o:<\/em><\/p>\n<p>As Janelas folhas triplas de correr da Am\u00e9rica Latina Constru\u00e7\u00e3o s\u00e3o produtos elaborados com perfis de alta resist\u00eancia estrutural, em conformidade com as especifica\u00e7\u00f5es das Normas T\u00e9cnicas ABNT. S\u00e3o vers\u00e1teis e ideais para diversos projetos! <span class=\"OYPEnA text-decoration-none text-strikethrough-none\">Fabricada em alum\u00ednio de 25 mm, proporciona efici\u00eancia e conforto, com excelente <\/span><span class=\"OYPEnA text-decoration-none text-strikethrough-none\">custo-benef\u00edcio.<\/span><\/p>\n<p><em>Especifica\u00e7\u00f5es T\u00e9cnicas:<\/em><\/p>\n<ul>\n<li>Perfil: Suprema<\/li>\n<li>Material: Alum\u00ednio<\/li>\n<\/ul>\n<p><em>Garantia:<\/em><\/p>\n<p>Garantia contra defeitos de fabrica\u00e7\u00e3o.<\/p>","protected":false},"excerpt":{"rendered":"<p><em>Descri\u00e7\u00e3o:<\/em><\/p>\n<p>As Janelas folhas triplas de correr da Am\u00e9rica Latina Constru\u00e7\u00e3o s\u00e3o produtos elaborados com perfis de alta resist\u00eancia estrutural, em conformidade com as especifica\u00e7\u00f5es das Normas T\u00e9cnicas ABNT. S\u00e3o vers\u00e1teis e ideais para diversos projetos! <span class=\"OYPEnA text-decoration-none text-strikethrough-none\">Fabricada em alum\u00ednio de 25 mm, proporciona efici\u00eancia e conforto, com excelente <\/span><span class=\"OYPEnA text-decoration-none text-strikethrough-none\">custo-benef\u00edcio.<\/span><\/p>\n<p><em>Especifica\u00e7\u00f5es T\u00e9cnicas:<\/em><\/p>\n<ul>\n<li>Perfil: Suprema<\/li>\n<li>Material: Alum\u00ednio<\/li>\n<\/ul>\n<p><em>Garantia:<\/em><\/p>\n<p>Garantia contra defeitos de fabrica\u00e7\u00e3o.<\/p>","protected":false},"featured_media":1143,"comment_status":"closed","ping_status":"closed","template":"","meta":[],"product_brand":[],"product_cat":[24],"product_tag":[],"class_list":{"0":"post-1142","1":"product","2":"type-product","3":"status-publish","4":"has-post-thumbnail","6":"product_cat-construcao-civil","8":"first","9":"instock","10":"virtual","11":"purchasable","12":"product-type-simple"},"yoast_head":"<!-- This site is optimized with the Yoast SEO plugin v26.7 - https:\/\/yoast.com\/wordpress\/plugins\/seo\/ -->\n<title>Janela Suprema \u2013 3 Folhas sequenciais de correr - America Latina Vidros<\/title>\n<meta name=\"robots\" content=\"index, follow, max-snippet:-1, max-image-preview:large, max-video-preview:-1\" \/>\n<link rel=\"canonical\" href=\"https:\/\/americalatinavidros.ind.br\/en\/product\/janela-suprema-3-folhas-sequenciais-de-correr\/\" \/>\n<meta property=\"og:locale\" content=\"en_US\" \/>\n<meta property=\"og:type\" content=\"article\" \/>\n<meta property=\"og:title\" content=\"Janela Suprema \u2013 3 Folhas sequenciais de correr - America Latina Vidros\" \/>\n<meta property=\"og:description\" content=\"Descri\u00e7\u00e3o:  As Janelas folhas triplas de correr da Am\u00e9rica Latina Constru\u00e7\u00e3o s\u00e3o produtos elaborados com perfis de alta resist\u00eancia estrutural, em conformidade com as especifica\u00e7\u00f5es das Normas T\u00e9cnicas ABNT. S\u00e3o vers\u00e1teis e ideais para diversos projetos! Fabricada em alum\u00ednio de 25 mm, proporciona efici\u00eancia e conforto, com excelente custo-benef\u00edcio.  Especifica\u00e7\u00f5es T\u00e9cnicas:   Perfil: Suprema  Material: Alum\u00ednio  Garantia:  Garantia contra defeitos de fabrica\u00e7\u00e3o.\" \/>\n<meta property=\"og:url\" content=\"https:\/\/americalatinavidros.ind.br\/en\/product\/janela-suprema-3-folhas-sequenciais-de-correr\/\" \/>\n<meta property=\"og:site_name\" content=\"America Latina Vidros\" \/>\n<meta property=\"article:publisher\" content=\"https:\/\/www.facebook.com\/AmericaLatinaVidro\" \/>\n<meta property=\"article:modified_time\" content=\"2024-03-26T18:26:44+00:00\" \/>\n<meta property=\"og:image\" content=\"https:\/\/americalatinavidros.ind.br\/wp-content\/uploads\/2024\/03\/janela-folha-tripla_089.jpg\" \/>\n\t<meta property=\"og:image:width\" content=\"1920\" \/>\n\t<meta property=\"og:image:height\" content=\"1080\" \/>\n\t<meta property=\"og:image:type\" content=\"image\/jpeg\" \/>\n<meta name=\"twitter:card\" content=\"summary_large_image\" \/>\n<script type=\"application\/ld+json\" class=\"yoast-schema-graph\">{\"@context\":\"https:\/\/schema.org\",\"@graph\":[{\"@type\":\"WebPage\",\"@id\":\"https:\/\/americalatinavidros.ind.br\/produto\/janela-suprema-3-folhas-sequenciais-de-correr\/\",\"url\":\"https:\/\/americalatinavidros.ind.br\/produto\/janela-suprema-3-folhas-sequenciais-de-correr\/\",\"name\":\"Janela Suprema \u2013 3 Folhas sequenciais de correr - America Latina Vidros\",\"isPartOf\":{\"@id\":\"https:\/\/americalatinavidros.ind.br\/es\/#website\"},\"primaryImageOfPage\":{\"@id\":\"https:\/\/americalatinavidros.ind.br\/produto\/janela-suprema-3-folhas-sequenciais-de-correr\/#primaryimage\"},\"image\":{\"@id\":\"https:\/\/americalatinavidros.ind.br\/produto\/janela-suprema-3-folhas-sequenciais-de-correr\/#primaryimage\"},\"thumbnailUrl\":\"https:\/\/americalatinavidros.ind.br\/wp-content\/uploads\/2024\/03\/janela-folha-tripla_089.jpg\",\"datePublished\":\"2024-03-20T12:54:36+00:00\",\"dateModified\":\"2024-03-26T18:26:44+00:00\",\"breadcrumb\":{\"@id\":\"https:\/\/americalatinavidros.ind.br\/produto\/janela-suprema-3-folhas-sequenciais-de-correr\/#breadcrumb\"},\"inLanguage\":\"en-US\",\"potentialAction\":[{\"@type\":\"ReadAction\",\"target\":[\"https:\/\/americalatinavidros.ind.br\/produto\/janela-suprema-3-folhas-sequenciais-de-correr\/\"]}]},{\"@type\":\"ImageObject\",\"inLanguage\":\"en-US\",\"@id\":\"https:\/\/americalatinavidros.ind.br\/produto\/janela-suprema-3-folhas-sequenciais-de-correr\/#primaryimage\",\"url\":\"https:\/\/americalatinavidros.ind.br\/wp-content\/uploads\/2024\/03\/janela-folha-tripla_089.jpg\",\"contentUrl\":\"https:\/\/americalatinavidros.ind.br\/wp-content\/uploads\/2024\/03\/janela-folha-tripla_089.jpg\",\"width\":1920,\"height\":1080},{\"@type\":\"BreadcrumbList\",\"@id\":\"https:\/\/americalatinavidros.ind.br\/produto\/janela-suprema-3-folhas-sequenciais-de-correr\/#breadcrumb\",\"itemListElement\":[{\"@type\":\"ListItem\",\"position\":1,\"name\":\"In\u00edcio\",\"item\":\"https:\/\/americalatinavidros.ind.br\/\"},{\"@type\":\"ListItem\",\"position\":2,\"name\":\"Loja\",\"item\":\"https:\/\/americalatinavidros.ind.br\/loja\/\"},{\"@type\":\"ListItem\",\"position\":3,\"name\":\"Janela Suprema \u2013 3 Folhas sequenciais de correr\"}]},{\"@type\":\"WebSite\",\"@id\":\"https:\/\/americalatinavidros.ind.br\/es\/#website\",\"url\":\"https:\/\/americalatinavidros.ind.br\/es\/\",\"name\":\"America Latina Vidros\",\"description\":\"\",\"publisher\":{\"@id\":\"https:\/\/americalatinavidros.ind.br\/es\/#organization\"},\"potentialAction\":[{\"@type\":\"SearchAction\",\"target\":{\"@type\":\"EntryPoint\",\"urlTemplate\":\"https:\/\/americalatinavidros.ind.br\/es\/?s={search_term_string}\"},\"query-input\":{\"@type\":\"PropertyValueSpecification\",\"valueRequired\":true,\"valueName\":\"search_term_string\"}}],\"inLanguage\":\"en-US\"},{\"@type\":\"Organization\",\"@id\":\"https:\/\/americalatinavidros.ind.br\/es\/#organization\",\"name\":\"America Latina Vidros\",\"url\":\"https:\/\/americalatinavidros.ind.br\/es\/\",\"logo\":{\"@type\":\"ImageObject\",\"inLanguage\":\"en-US\",\"@id\":\"https:\/\/americalatinavidros.ind.br\/es\/#\/schema\/logo\/image\/\",\"url\":\"https:\/\/americalatinavidros.ind.br\/wp-content\/uploads\/2023\/12\/Brasil.svg\",\"contentUrl\":\"https:\/\/americalatinavidros.ind.br\/wp-content\/uploads\/2023\/12\/Brasil.svg\",\"width\":366,\"height\":557,\"caption\":\"America Latina Vidros\"},\"image\":{\"@id\":\"https:\/\/americalatinavidros.ind.br\/es\/#\/schema\/logo\/image\/\"},\"sameAs\":[\"https:\/\/www.facebook.com\/AmericaLatinaVidro\",\"https:\/\/www.instagram.com\/americalatinavidros\/\",\"https:\/\/www.instagram.com\/construcao_americalatinavidros\/\",\"https:\/\/br.linkedin.com\/company\/americalatinavidros\",\"https:\/\/www.facebook.com\/profile.php?id=100072339063607\",\"https:\/\/www.tiktok.com\/@americalatinavidrosind\"]}]}<\/script>\n<!-- \/ Yoast SEO plugin. -->","yoast_head_json":{"title":"Janela Suprema \u2013 3 Folhas sequenciais de correr - America Latina Vidros","robots":{"index":"index","follow":"follow","max-snippet":"max-snippet:-1","max-image-preview":"max-image-preview:large","max-video-preview":"max-video-preview:-1"},"canonical":"https:\/\/americalatinavidros.ind.br\/en\/product\/janela-suprema-3-folhas-sequenciais-de-correr\/","og_locale":"en_US","og_type":"article","og_title":"Janela Suprema \u2013 3 Folhas sequenciais de correr - America Latina Vidros","og_description":"Descri\u00e7\u00e3o:  As Janelas folhas triplas de correr da Am\u00e9rica Latina Constru\u00e7\u00e3o s\u00e3o produtos elaborados com perfis de alta resist\u00eancia estrutural, em conformidade com as especifica\u00e7\u00f5es das Normas T\u00e9cnicas ABNT. S\u00e3o vers\u00e1teis e ideais para diversos projetos! Fabricada em alum\u00ednio de 25 mm, proporciona efici\u00eancia e conforto, com excelente custo-benef\u00edcio.  Especifica\u00e7\u00f5es T\u00e9cnicas:   Perfil: Suprema  Material: Alum\u00ednio  Garantia:  Garantia contra defeitos de fabrica\u00e7\u00e3o.","og_url":"https:\/\/americalatinavidros.ind.br\/en\/product\/janela-suprema-3-folhas-sequenciais-de-correr\/","og_site_name":"America Latina Vidros","article_publisher":"https:\/\/www.facebook.com\/AmericaLatinaVidro","article_modified_time":"2024-03-26T18:26:44+00:00","og_image":[{"width":1920,"height":1080,"url":"https:\/\/americalatinavidros.ind.br\/wp-content\/uploads\/2024\/03\/janela-folha-tripla_089.jpg","type":"image\/jpeg"}],"twitter_card":"summary_large_image","schema":{"@context":"https:\/\/schema.org","@graph":[{"@type":"WebPage","@id":"https:\/\/americalatinavidros.ind.br\/produto\/janela-suprema-3-folhas-sequenciais-de-correr\/","url":"https:\/\/americalatinavidros.ind.br\/produto\/janela-suprema-3-folhas-sequenciais-de-correr\/","name":"Janela Suprema \u2013 3 Folhas sequenciais de correr - America Latina Vidros","isPartOf":{"@id":"https:\/\/americalatinavidros.ind.br\/es\/#website"},"primaryImageOfPage":{"@id":"https:\/\/americalatinavidros.ind.br\/produto\/janela-suprema-3-folhas-sequenciais-de-correr\/#primaryimage"},"image":{"@id":"https:\/\/americalatinavidros.ind.br\/produto\/janela-suprema-3-folhas-sequenciais-de-correr\/#primaryimage"},"thumbnailUrl":"https:\/\/americalatinavidros.ind.br\/wp-content\/uploads\/2024\/03\/janela-folha-tripla_089.jpg","datePublished":"2024-03-20T12:54:36+00:00","dateModified":"2024-03-26T18:26:44+00:00","breadcrumb":{"@id":"https:\/\/americalatinavidros.ind.br\/produto\/janela-suprema-3-folhas-sequenciais-de-correr\/#breadcrumb"},"inLanguage":"en-US","potentialAction":[{"@type":"ReadAction","target":["https:\/\/americalatinavidros.ind.br\/produto\/janela-suprema-3-folhas-sequenciais-de-correr\/"]}]},{"@type":"ImageObject","inLanguage":"en-US","@id":"https:\/\/americalatinavidros.ind.br\/produto\/janela-suprema-3-folhas-sequenciais-de-correr\/#primaryimage","url":"https:\/\/americalatinavidros.ind.br\/wp-content\/uploads\/2024\/03\/janela-folha-tripla_089.jpg","contentUrl":"https:\/\/americalatinavidros.ind.br\/wp-content\/uploads\/2024\/03\/janela-folha-tripla_089.jpg","width":1920,"height":1080},{"@type":"BreadcrumbList","@id":"https:\/\/americalatinavidros.ind.br\/produto\/janela-suprema-3-folhas-sequenciais-de-correr\/#breadcrumb","itemListElement":[{"@type":"ListItem","position":1,"name":"In\u00edcio","item":"https:\/\/americalatinavidros.ind.br\/"},{"@type":"ListItem","position":2,"name":"Loja","item":"https:\/\/americalatinavidros.ind.br\/loja\/"},{"@type":"ListItem","position":3,"name":"Janela Suprema \u2013 3 Folhas sequenciais de correr"}]},{"@type":"WebSite","@id":"https:\/\/americalatinavidros.ind.br\/es\/#website","url":"https:\/\/americalatinavidros.ind.br\/es\/","name":"America Latina Vidros","description":"","publisher":{"@id":"https:\/\/americalatinavidros.ind.br\/es\/#organization"},"potentialAction":[{"@type":"SearchAction","target":{"@type":"EntryPoint","urlTemplate":"https:\/\/americalatinavidros.ind.br\/es\/?s={search_term_string}"},"query-input":{"@type":"PropertyValueSpecification","valueRequired":true,"valueName":"search_term_string"}}],"inLanguage":"en-US"},{"@type":"Organization","@id":"https:\/\/americalatinavidros.ind.br\/es\/#organization","name":"America Latina Vidros","url":"https:\/\/americalatinavidros.ind.br\/es\/","logo":{"@type":"ImageObject","inLanguage":"en-US","@id":"https:\/\/americalatinavidros.ind.br\/es\/#\/schema\/logo\/image\/","url":"https:\/\/americalatinavidros.ind.br\/wp-content\/uploads\/2023\/12\/Brasil.svg","contentUrl":"https:\/\/americalatinavidros.ind.br\/wp-content\/uploads\/2023\/12\/Brasil.svg","width":366,"height":557,"caption":"America Latina Vidros"},"image":{"@id":"https:\/\/americalatinavidros.ind.br\/es\/#\/schema\/logo\/image\/"},"sameAs":["https:\/\/www.facebook.com\/AmericaLatinaVidro","https:\/\/www.instagram.com\/americalatinavidros\/","https:\/\/www.instagram.com\/construcao_americalatinavidros\/","https:\/\/br.linkedin.com\/company\/americalatinavidros","https:\/\/www.facebook.com\/profile.php?id=100072339063607","https:\/\/www.tiktok.com\/@americalatinavidrosind"]}]}},"_links":{"self":[{"href":"https:\/\/americalatinavidros.ind.br\/en\/wp-json\/wp\/v2\/product\/1142","targetHints":{"allow":["GET"]}}],"collection":[{"href":"https:\/\/americalatinavidros.ind.br\/en\/wp-json\/wp\/v2\/product"}],"about":[{"href":"https:\/\/americalatinavidros.ind.br\/en\/wp-json\/wp\/v2\/types\/product"}],"replies":[{"embeddable":true,"href":"https:\/\/americalatinavidros.ind.br\/en\/wp-json\/wp\/v2\/comments?post=1142"}],"wp:featuredmedia":[{"embeddable":true,"href":"https:\/\/americalatinavidros.ind.br\/en\/wp-json\/wp\/v2\/media\/1143"}],"wp:attachment":[{"href":"https:\/\/americalatinavidros.ind.br\/en\/wp-json\/wp\/v2\/media?parent=1142"}],"wp:term":[{"taxonomy":"product_brand","embeddable":true,"href":"https:\/\/americalatinavidros.ind.br\/en\/wp-json\/wp\/v2\/product_brand?post=1142"},{"taxonomy":"product_cat","embeddable":true,"href":"https:\/\/americalatinavidros.ind.br\/en\/wp-json\/wp\/v2\/product_cat?post=1142"},{"taxonomy":"product_tag","embeddable":true,"href":"https:\/\/americalatinavidros.ind.br\/en\/wp-json\/wp\/v2\/product_tag?post=1142"}],"curies":[{"name":"wp","href":"https:\/\/api.w.org\/{rel}","templated":true}]}}